{"id":451,"date":"2024-11-10T19:40:20","date_gmt":"2024-11-10T19:40:20","guid":{"rendered":"https:\/\/komandosur.com\/wp\/producto\/camiseta-komando-friends-blanca\/"},"modified":"2024-11-10T19:40:31","modified_gmt":"2024-11-10T19:40:31","slug":"camiseta-komando-friends-blanca","status":"publish","type":"product","link":"https:\/\/komandosur.com\/wp\/producto\/camiseta-komando-friends-blanca\/","title":{"rendered":"Camiseta Komando Friends Blanca"},"content":{"rendered":"<p>La camiseta cl\u00e1sica unisex 100% algod\u00f3n te ayuda a conseguir una imagen m\u00e1s estructurada. Queda muy bien, mantiene las l\u00edneas rectas en los bordes y queda genial con outfits por capas. Adem\u00e1s, \u00a1ahora est\u00e1 muy de moda! <\/p>\n<p>\u2022 100% algod\u00f3n<br \/>\n\u2022 El tono Sport Grey es 90% algod\u00f3n y 10% poli\u00e9ster<br \/>\n\u2022 El tono Ash Grey es 99% algod\u00f3n y 1% poli\u00e9ster<br \/>\n\u2022 Los tonos Heather son 50% algod\u00f3n y 50% poli\u00e9ster<br \/>\n\u2022 Peso del tejido: 170\u2013180 g\/m\u00b2 (5.0\u20135.3 oz\/yd\u00b2) <br \/>\n\u2022 Tejido tubular<br \/>\n\u2022 Cuello y hombros con reborde<br \/>\n\u2022 Doble costura en mangas y dobladillo inferior<br \/>\n\u2022 Producto base procedente de Honduras, Nicaragua, Hait\u00ed, Rep\u00fablica Dominicana, Banglad\u00e9s, M\u00e9xico<\/p>\n","protected":false},"excerpt":{"rendered":"<p>La camiseta cl\u00e1sica unisex 100% algod\u00f3n te ayuda a conseguir una imagen m\u00e1s estructurada. Queda muy bien, mantiene las l\u00edneas rectas en los bordes y queda genial con outfits por capas. Adem\u00e1s, \u00a1ahora est\u00e1 muy de moda! \u2022 100% algod\u00f3n \u2022 El tono Sport Grey es 90% algod\u00f3n y 10% poli\u00e9ster \u2022 El tono Ash &hellip; <\/p>\n<p class=\"link-more\"><a href=\"https:\/\/komandosur.com\/wp\/producto\/camiseta-komando-friends-blanca\/\" class=\"more-link\">Continuar leyendo<span class=\"screen-reader-text\"> \u00abCamiseta Komando Friends Blanca\u00bb<\/span><\/a><\/p>\n","protected":false},"featured_media":459,"comment_status":"open","ping_status":"closed","template":"","meta":[],"product_brand":[],"product_cat":[17],"product_tag":[],"class_list":{"0":"post-451","1":"product","2":"type-product","3":"status-publish","4":"has-post-thumbnail","6":"product_cat-sin-categorizar","8":"first","9":"instock","10":"taxable","11":"shipping-taxable","12":"purchasable","13":"product-type-variable"},"_links":{"self":[{"href":"https:\/\/komandosur.com\/wp\/wp-json\/wp\/v2\/product\/451","targetHints":{"allow":["GET"]}}],"collection":[{"href":"https:\/\/komandosur.com\/wp\/wp-json\/wp\/v2\/product"}],"about":[{"href":"https:\/\/komandosur.com\/wp\/wp-json\/wp\/v2\/types\/product"}],"replies":[{"embeddable":true,"href":"https:\/\/komandosur.com\/wp\/wp-json\/wp\/v2\/comments?post=451"}],"wp:featuredmedia":[{"embeddable":true,"href":"https:\/\/komandosur.com\/wp\/wp-json\/wp\/v2\/media\/459"}],"wp:attachment":[{"href":"https:\/\/komandosur.com\/wp\/wp-json\/wp\/v2\/media?parent=451"}],"wp:term":[{"taxonomy":"product_brand","embeddable":true,"href":"https:\/\/komandosur.com\/wp\/wp-json\/wp\/v2\/product_brand?post=451"},{"taxonomy":"product_cat","embeddable":true,"href":"https:\/\/komandosur.com\/wp\/wp-json\/wp\/v2\/product_cat?post=451"},{"taxonomy":"product_tag","embeddable":true,"href":"https:\/\/komandosur.com\/wp\/wp-json\/wp\/v2\/product_tag?post=451"}],"curies":[{"name":"wp","href":"https:\/\/api.w.org\/{rel}","templated":true}]}}